{"id":10,"date":"2014-11-27T22:31:09","date_gmt":"2014-11-27T22:31:09","guid":{"rendered":"http:\/\/serwer1476402.home.pl\/autoinstalator\/wordpress\/?page_id=10"},"modified":"2022-10-31T11:31:37","modified_gmt":"2022-10-31T11:31:37","slug":"kontakt-2","status":"publish","type":"page","link":"https:\/\/mobileservice.com.pl\/?page_id=10","title":{"rendered":"Kontakt"},"content":{"rendered":"<p><span style=\"font-family: Arial; font-size: small;\"><strong>MOBILE SERVICE<\/strong><\/span><span style=\"font-family: Arial; font-size: small;\"><br \/>\n<\/span><span style=\"font-family: Arial; font-size: small;\">ul. \u015aliczna 32 lok.3<br \/>\n31-444 Krak\u00f3w <\/span><\/p>\n<p><span style=\"text-decoration: underline;\">Dzia\u0142 Techniczny:<\/span><br \/>\ntel. 535-925-888<br \/>\ne-mail: <span style=\"font-family: Arial; font-size: small; color: #000000;\"><a style=\"color: #000000;\">serwis@mobileservice.com.pl<\/a><\/span><\/p>\n<p>&nbsp;<\/p>\n","protected":false},"excerpt":{"rendered":"<p>MOBILE SERVICE ul. \u015aliczna 32 lok.3 31-444 Krak\u00f3w Dzia\u0142 Techniczny: tel. 535-925-888 e-mail: serwis@mobileservice.com.pl &nbsp;<\/p>\n","protected":false},"author":2,"featured_media":0,"parent":0,"menu_order":0,"comment_status":"closed","ping_status":"closed","template":"","meta":[],"_links":{"self":[{"href":"https:\/\/mobileservice.com.pl\/index.php?rest_route=\/wp\/v2\/pages\/10"}],"collection":[{"href":"https:\/\/mobileservice.com.pl\/index.php?rest_route=\/wp\/v2\/pages"}],"about":[{"href":"https:\/\/mobileservice.com.pl\/index.php?rest_route=\/wp\/v2\/types\/page"}],"author":[{"embeddable":true,"href":"https:\/\/mobileservice.com.pl\/index.php?rest_route=\/wp\/v2\/users\/2"}],"replies":[{"embeddable":true,"href":"https:\/\/mobileservice.com.pl\/index.php?rest_route=%2Fwp%2Fv2%2Fcomments&post=10"}],"version-history":[{"count":12,"href":"https:\/\/mobileservice.com.pl\/index.php?rest_route=\/wp\/v2\/pages\/10\/revisions"}],"predecessor-version":[{"id":97,"href":"https:\/\/mobileservice.com.pl\/index.php?rest_route=\/wp\/v2\/pages\/10\/revisions\/97"}],"wp:attachment":[{"href":"https:\/\/mobileservice.com.pl\/index.php?rest_route=%2Fwp%2Fv2%2Fmedia&parent=10"}],"curies":[{"name":"wp","href":"https:\/\/api.w.org\/{rel}","templated":true}]}}