{"id":34,"date":"2014-12-14T22:41:24","date_gmt":"2014-12-14T22:41:24","guid":{"rendered":"http:\/\/mobileservice.com.pl\/?page_id=34"},"modified":"2014-12-16T19:47:40","modified_gmt":"2014-12-16T19:47:40","slug":"o-firmie","status":"publish","type":"page","link":"https:\/\/mobileservice.com.pl\/?page_id=34","title":{"rendered":"O Firmie"},"content":{"rendered":"<p style=\"text-align: justify;\"><span style=\"font-family: Arial; font-size: small;\">Od wielu lat nasza Firma zajmuje si\u0119 serwisem sprz\u0119tu biurowego: kserokopiarek, drukarek mono i kolor. <\/span><span style=\"font-family: Arial; font-size: small;\">Nasz zakres us\u0142ug \u015bwiadczymy dla ma\u0142ych i du\u017cych Firm, o<\/span><span style=\"font-family: Arial; font-size: small;\">bs\u0142ugujemy Urz\u0119dy oraz szko\u0142y. <\/span><span style=\"font-family: Arial; font-size: small;\">Wszystkie naprawy i przegl\u0105dy sprz\u0119tu biurowego wykonujemy z nale\u017cyt\u0105 staranno\u015bci\u0105, jednocze\u015bnie konkurencyjnie cenowo. <\/span><span style=\"font-family: Arial; font-size: small;\">Na wykonane us\u0142ugi dajemy GWARANCJ\u0118, pod warunkiem wykonywania regularnych przegl\u0105d\u00f3w okresowych. <\/span>Dzia\u0142amy na terenie\u00a0<strong>Krakowa i okolic<\/strong>. <span style=\"font-family: Arial; font-size: small;\">Zapraszamy do wsp\u00f3\u0142pracy!<\/span><\/p>\n<p>\u00a0\u00a0\u00a0\u00a0\u00a0\u00a0\u00a0\u00a0\u00a0\u00a0\u00a0\u00a0\u00a0\u00a0\u00a0\u00a0\u00a0\u00a0\u00a0\u00a0\u00a0\u00a0\u00a0\u00a0\u00a0\u00a0\u00a0\u00a0\u00a0\u00a0\u00a0\u00a0\u00a0\u00a0\u00a0\u00a0\u00a0\u00a0\u00a0\u00a0\u00a0\u00a0\u00a0\u00a0\u00a0\u00a0\u00a0\u00a0\u00a0\u00a0\u00a0\u00a0\u00a0\u00a0\u00a0\u00a0\u00a0\u00a0\u00a0\u00a0\u00a0\u00a0\u00a0\u00a0\u00a0\u00a0\u00a0\u00a0\u00a0\u00a0\u00a0\u00a0\u00a0\u00a0\u00a0\u00a0\u00a0\u00a0\u00a0\u00a0\u00a0\u00a0\u00a0\u00a0\u00a0\u00a0\u00a0\u00a0\u00a0\u00a0\u00a0\u00a0\u00a0\u00a0\u00a0\u00a0\u00a0\u00a0\u00a0\u00a0 <span style=\"font-family: Arial; font-size: small;\">Zesp\u00f3\u0142 Mobile Service<\/span><\/p>\n<p><a rel=\"nofollow\" target=\"_blank\" href=\"https:\/\/wizytowka.rzetelnafirma.pl\/AVIV0IUX\"><img title=\"Kliknij i sprawd\u017a status certyfikatu\" alt=\"\" src=\"http:\/\/aktywnybaner.rzetelnafirma.pl\/ActiveBanner\/GetActiveBannerImage\/3\/AVIV0IUX\" style=\"border:none;\"\/><\/a> <\/p>\n","protected":false},"excerpt":{"rendered":"<p>Od wielu lat nasza Firma zajmuje si\u0119 serwisem sprz\u0119tu biurowego: kserokopiarek, drukarek mono i kolor. Nasz zakres us\u0142ug \u015bwiadczymy dla ma\u0142ych i du\u017cych Firm, obs\u0142ugujemy Urz\u0119dy oraz szko\u0142y. Wszystkie naprawy i przegl\u0105dy sprz\u0119tu biurowego wykonujemy z nale\u017cyt\u0105 staranno\u015bci\u0105, jednocze\u015bnie konkurencyjnie cenowo. Na wykonane us\u0142ugi dajemy GWARANCJ\u0118, pod warunkiem wykonywania regularnych przegl\u0105d\u00f3w okresowych. Dzia\u0142amy na terenie\u00a0Krakowa i okolic. Zapraszamy do wsp\u00f3\u0142pracy! \u00a0\u00a0\u00a0\u00a0\u00a0\u00a0\u00a0\u00a0\u00a0\u00a0\u00a0\u00a0\u00a0\u00a0\u00a0\u00a0\u00a0\u00a0\u00a0\u00a0\u00a0\u00a0\u00a0\u00a0\u00a0\u00a0\u00a0\u00a0\u00a0\u00a0\u00a0\u00a0\u00a0\u00a0\u00a0\u00a0\u00a0\u00a0\u00a0\u00a0\u00a0\u00a0\u00a0\u00a0\u00a0\u00a0\u00a0\u00a0\u00a0\u00a0\u00a0\u00a0\u00a0\u00a0\u00a0\u00a0\u00a0\u00a0\u00a0\u00a0\u00a0\u00a0\u00a0\u00a0\u00a0\u00a0\u00a0\u00a0\u00a0\u00a0\u00a0\u00a0\u00a0\u00a0\u00a0\u00a0\u00a0\u00a0\u00a0\u00a0\u00a0\u00a0\u00a0\u00a0\u00a0\u00a0\u00a0\u00a0\u00a0\u00a0\u00a0\u00a0\u00a0\u00a0\u00a0\u00a0\u00a0\u00a0\u00a0\u00a0 Zesp\u00f3\u0142 Mobile Service<\/p>\n","protected":false},"author":2,"featured_media":0,"parent":0,"menu_order":0,"comment_status":"closed","ping_status":"closed","template":"","meta":[],"_links":{"self":[{"href":"https:\/\/mobileservice.com.pl\/index.php?rest_route=\/wp\/v2\/pages\/34"}],"collection":[{"href":"https:\/\/mobileservice.com.pl\/index.php?rest_route=\/wp\/v2\/pages"}],"about":[{"href":"https:\/\/mobileservice.com.pl\/index.php?rest_route=\/wp\/v2\/types\/page"}],"author":[{"embeddable":true,"href":"https:\/\/mobileservice.com.pl\/index.php?rest_route=\/wp\/v2\/users\/2"}],"replies":[{"embeddable":true,"href":"https:\/\/mobileservice.com.pl\/index.php?rest_route=%2Fwp%2Fv2%2Fcomments&post=34"}],"version-history":[{"count":7,"href":"https:\/\/mobileservice.com.pl\/index.php?rest_route=\/wp\/v2\/pages\/34\/revisions"}],"predecessor-version":[{"id":50,"href":"https:\/\/mobileservice.com.pl\/index.php?rest_route=\/wp\/v2\/pages\/34\/revisions\/50"}],"wp:attachment":[{"href":"https:\/\/mobileservice.com.pl\/index.php?rest_route=%2Fwp%2Fv2%2Fmedia&parent=34"}],"curies":[{"name":"wp","href":"https:\/\/api.w.org\/{rel}","templated":true}]}}