{"id":52,"date":"2014-12-23T22:15:30","date_gmt":"2014-12-23T22:15:30","guid":{"rendered":"http:\/\/mobileservice.com.pl\/?page_id=52"},"modified":"2016-04-03T21:54:43","modified_gmt":"2016-04-03T21:54:43","slug":"strona-glowna-2","status":"publish","type":"page","link":"https:\/\/mobileservice.com.pl\/","title":{"rendered":"Strona g\u0142\u00f3wna"},"content":{"rendered":"<p>Zapraszamy do zapoznania si\u0119 z nasz\u0105 ofert\u0105.<\/p>\n","protected":false},"excerpt":{"rendered":"<p>Zapraszamy do zapoznania si\u0119 z nasz\u0105 ofert\u0105.<\/p>\n","protected":false},"author":2,"featured_media":0,"parent":0,"menu_order":0,"comment_status":"closed","ping_status":"closed","template":"","meta":[],"_links":{"self":[{"href":"https:\/\/mobileservice.com.pl\/index.php?rest_route=\/wp\/v2\/pages\/52"}],"collection":[{"href":"https:\/\/mobileservice.com.pl\/index.php?rest_route=\/wp\/v2\/pages"}],"about":[{"href":"https:\/\/mobileservice.com.pl\/index.php?rest_route=\/wp\/v2\/types\/page"}],"author":[{"embeddable":true,"href":"https:\/\/mobileservice.com.pl\/index.php?rest_route=\/wp\/v2\/users\/2"}],"replies":[{"embeddable":true,"href":"https:\/\/mobileservice.com.pl\/index.php?rest_route=%2Fwp%2Fv2%2Fcomments&post=52"}],"version-history":[{"count":17,"href":"https:\/\/mobileservice.com.pl\/index.php?rest_route=\/wp\/v2\/pages\/52\/revisions"}],"predecessor-version":[{"id":94,"href":"https:\/\/mobileservice.com.pl\/index.php?rest_route=\/wp\/v2\/pages\/52\/revisions\/94"}],"wp:attachment":[{"href":"https:\/\/mobileservice.com.pl\/index.php?rest_route=%2Fwp%2Fv2%2Fmedia&parent=52"}],"curies":[{"name":"wp","href":"https:\/\/api.w.org\/{rel}","templated":true}]}}